{"id":4416,"date":"2015-06-03T02:30:33","date_gmt":"2015-06-03T02:30:33","guid":{"rendered":"https:\/\/www.jacomontecarlo.com\/?page_id=4416"},"modified":"2025-02-06T09:13:29","modified_gmt":"2025-02-06T15:13:29","slug":"restaurantes-en-jaco","status":"publish","type":"page","link":"https:\/\/www.jacomontecarlo.com\/es\/servicios\/restaurantes-en-jaco\/","title":{"rendered":"Restaurantes en Jaco"},"content":{"rendered":"\t\t<div data-elementor-type=\"wp-page\" data-elementor-id=\"4416\" class=\"elementor elementor-4416 elementor-25\" data-elementor-post-type=\"page\">\n\t\t\t\t\t\t<section class=\"elementor-section elementor-top-section elementor-element elementor-element-62c2c098 elementor-section-boxed elementor-section-height-default elementor-section-height-default\" data-id=\"62c2c098\" data-element_type=\"section\" data-e-type=\"section\">\n\t\t\t\t\t\t<div class=\"elementor-container elementor-column-gap-default\">\n\t\t\t\t\t<div class=\"elementor-column elementor-col-100 elementor-top-column elementor-element elementor-element-55d9c76\" data-id=\"55d9c76\" data-element_type=\"column\" data-e-type=\"column\">\n\t\t\t<div class=\"elementor-widget-wrap elementor-element-populated\">\n\t\t\t\t\t\t<div class=\"elementor-element elementor-element-48e5d5c3 elementor-widget elementor-widget-text-editor\" data-id=\"48e5d5c3\" data-element_type=\"widget\" data-e-type=\"widget\" data-widget_type=\"text-editor.default\">\n\t\t\t\t<div class=\"elementor-widget-container\">\n\t\t\t\t\t\t\t\t\t<h2>El Hicaco Jaco mariscos restaurante<\/h2>\n<img fetchpriority=\"high\" decoding=\"async\" class=\"size-full wp-image-20581 alignleft\" src=\"https:\/\/www.jacomontecarlo.com\/wp-content\/uploads\/2025\/02\/image001-300x200-1.jpg\" alt=\"Restaurante \" width=\"300\" height=\"200\" srcset=\"https:\/\/www.jacomontecarlo.com\/wp-content\/uploads\/2025\/02\/image001-300x200-1.jpg 300w, https:\/\/www.jacomontecarlo.com\/wp-content\/uploads\/2025\/02\/image001-300x200-1-150x100.jpg 150w\" sizes=\"(max-width: 300px) 100vw, 300px\" \/>El Hicaco Restaurant, ubicado en Jac\u00f3 Beach es un hermoso lugar donde podr\u00e1 disfrutar de una hermosa puesta de sol y de una deliciosa comida al mismo tiempo. Va a complacer a cada uno de tus sentidos &#8230; vista perfecta, buena m\u00fasica y deliciosa comida en un solo lugar! Su especialidad es el marisco; El Hicaco tiene los mejores platos de langosta en la ciudad, como la langosta Termidor, crema de langosta y la langosta, por supuesto, a la parrilla.\n\n<img decoding=\"async\" class=\"size-full wp-image-20583 alignright\" src=\"https:\/\/www.jacomontecarlo.com\/wp-content\/uploads\/2025\/02\/restaurante_jaca1-300x148-1.jpg\" alt=\"restaurante jaco\" width=\"300\" height=\"148\" srcset=\"https:\/\/www.jacomontecarlo.com\/wp-content\/uploads\/2025\/02\/restaurante_jaca1-300x148-1.jpg 300w, https:\/\/www.jacomontecarlo.com\/wp-content\/uploads\/2025\/02\/restaurante_jaca1-300x148-1-150x74.jpg 150w\" sizes=\"(max-width: 300px) 100vw, 300px\" \/>Ven y seleccionar un buen vino y pasar alg\u00fan tiempo en su terraza frente a la playa m\u00e1s bonita, jugando ajedrez, cartas o ver la sesi\u00f3n de surf mientras escucha Lounge &amp; Chill out m\u00fasica.\n\nUsted no quiere perder mi\u00e9rcoles por la noche! Hicaco tiene el mejor buffet nunca. Jumbo Camarones, Pescado Plato, langosta, mahi-mahi, pollo y carne cortes, Salad Bar, Sushi, 6 Guarniciones opciones, estaci\u00f3n de pasta, de mesa postres, bebidas, c\u00f3cteles, vinos &#8230; se puede comer y beber todo lo que quieras!\n\n&nbsp;\n<h2>Taco Bar<\/h2>\nEl Taco Bar Restaurante ha sido una creaci\u00f3n popular y conocido en Jac\u00f3 desde que abri\u00f3 en 2007. Taco Bar es un restaurante al aire moderno, abierto que tiene la playa surfista ambiente a su favor, incluyendo un asiento fresco swing. El men\u00fa de Taco Bar ofrece comida de estilo principalmente mexicana y mediterr\u00e1nea, que se especializa en una amplia variedad de opciones de tacos con su plato t\u00edpico, el taco de pescado. El Bar Taco es tambi\u00e9n un gran lugar para vegetarianos, ya que ofrece una barra de ensaladas lleno todo lo que pueda comer. Taco Bar menudo tiene promociones en ejecuci\u00f3n, y ofrece fresco $ 3 desayunos diariamente. El Bar Taco es un gran lugar para relajarse y escapar del calor con sus famosos batidos de frutas. Taco Bar restaurante est\u00e1 situado en la calle principal de Jac\u00f3, a unos 20 metros al este de la barra de Los Amigos Sports.\n\n&nbsp;\n<h2>Tsunami<\/h2>\n<img decoding=\"async\" class=\"size-full wp-image-20585 alignright\" src=\"https:\/\/www.jacomontecarlo.com\/wp-content\/uploads\/2025\/02\/image013-300x225-1.jpg\" alt=\"restaurante jac\u00f3\" width=\"300\" height=\"225\" srcset=\"https:\/\/www.jacomontecarlo.com\/wp-content\/uploads\/2025\/02\/image013-300x225-1.jpg 300w, https:\/\/www.jacomontecarlo.com\/wp-content\/uploads\/2025\/02\/image013-300x225-1-150x113.jpg 150w\" sizes=\"(max-width: 300px) 100vw, 300px\" \/>Situado en la Av Pator D\u00edaz entre Calles Las Olas &amp; Bohio en el segundo piso del centro comercial Galeone, Jaco, Costa Rica y Escaz\u00fa frente a Mc Donalds Guachipel\u00edn. Tsunami Sushi Restaurante en Jac\u00f3 es un moderno y animado restaurante de sushi. Tsunami Sushi es un lugar popular para los lugare\u00f1os y turistas. Usted puede encontrar rollos de sushi y platos tradicionales japoneses en su men\u00fa. Todo el pescado es fresco directamente de la costa Jaco. Tsunami Sushi ofrece promociones semanales que incluyen los martes de at\u00fan (50% de descuento en todos los rollos de at\u00fan) y los mi\u00e9rcoles-Wad apretados cuando ofrecen 50% de descuento en todos sus rollos de dise\u00f1o. Con un gran ambiente, m\u00fasica chill out, comida deliciosa y un gran servicio que est\u00e1 seguro de tener un gran tiempo aqu\u00ed.\n\n&nbsp;\n<h2><img loading=\"lazy\" decoding=\"async\" class=\"size-medium wp-image-20576 alignright\" src=\"https:\/\/www.jacomontecarlo.com\/wp-content\/uploads\/2025\/02\/paltillo-300x212.jpg\" alt=\"Lemon Zest Restaurant \" width=\"300\" height=\"212\" srcset=\"https:\/\/www.jacomontecarlo.com\/wp-content\/uploads\/2025\/02\/paltillo-300x212.jpg 300w, https:\/\/www.jacomontecarlo.com\/wp-content\/uploads\/2025\/02\/paltillo-150x106.jpg 150w, https:\/\/www.jacomontecarlo.com\/wp-content\/uploads\/2025\/02\/paltillo.jpg 399w\" sizes=\"(max-width: 300px) 100vw, 300px\" \/>Lemon Zest Restaurant<\/h2>\nLemon Zest Restaurant representa a\u00f1os de experiencia, t\u00e9cnicas cl\u00e1sicas, presentaciones modernas, nuevas combinaciones de sabores sorprendentes utilizando ingredientes locales frescos. Fine Wines, Encuadre Bar, Postres caseros como la famosa mantequilla de cacahuete de Ice Cream Pie Nellie, Bananas Foster Tarta de queso y mango Cr\u00e8me Brul\u00e9e Pie. Estamos abiertos para la cena de 17:30-22:00, de lunes a s\u00e1bado Lemon Zest Restaurant est\u00e1 situado en el centro de Playa Jac\u00f3, 50 metros al sur de Mas x Menos Supermercado. Arriba, en El Jard\u00edn Plaza. Playa Jac\u00f3, Pac\u00edfico Central, Costa Rica.\n\n&nbsp;\n\n<img loading=\"lazy\" decoding=\"async\" class=\"size-full wp-image-20587 alignleft\" src=\"https:\/\/www.jacomontecarlo.com\/wp-content\/uploads\/2025\/02\/image027-225x300-1.png\" alt=\"restaurante playa\" width=\"225\" height=\"300\" srcset=\"https:\/\/www.jacomontecarlo.com\/wp-content\/uploads\/2025\/02\/image027-225x300-1.png 225w, https:\/\/www.jacomontecarlo.com\/wp-content\/uploads\/2025\/02\/image027-225x300-1-113x150.png 113w\" sizes=\"(max-width: 225px) 100vw, 225px\" \/>\n<h2>Green Room<\/h2>\nSala Verde Caf\u00e9 se encuentra en frente de Helado de Pop, Jaco centro. Sirviendo relajado almuerzo, cena y c\u00f3cteles en un oasis urbano &#8230; centr\u00e1ndose en Costa Rica artesanal cerveza artesanal !!\n\nSala Verde Caf\u00e9 ofrece: Almuerzo de martes a domingo 10 a.m. -11pm DJs en directo Martes y Mi\u00e9rcoles M\u00fasica en vivo los jueves, viernes, y s\u00e1bado Americanos (nuevo).\n\nDesayuno, Almuerzo, Hamburguesas, Am\u00e9rica Latina, Sandwiches y vegetarianas\n\nEspecialidades: Desayuno, Almuerzo , cena, caf\u00e9 y bebidas\n\n&nbsp;\n\n&nbsp;\n<h2>Jaco Blu Beach Club<\/h2>\nJaco Blu encapsula el \u00faltimo club de playa dedicada a la creaci\u00f3n de una experiencia \u00fanica y lujoso estilo de vida para aquellos que buscan ese destino durante el d\u00eda ideal para relajarse y fiesta bajo el sol. Situado en la costa del Pac\u00edfico de Jaco en Puntarenas, Jaco desde Central Park, a 100 metros al norte y 100 metros hacia el oeste de la playa. Jaco Blu tiene una hermosa vista al mar durante el d\u00eda y la puesta del sol del Pac\u00edfico impresionante al atardecer.\n\nDise\u00f1ado para que pueda planificar su d\u00eda exactamente de la manera que usted desea, la zona de la piscina est\u00e1 rodeada de tumbonas de lujo, tanto dentro como alrededor de la piscina, que act\u00faa como el lugar perfecto para la alta sociedad que les gusta pasar sus d\u00edas de fiesta con los amigos mientras bronceado bajo el sol.\n\n<strong>\u00bfPrefiere relajarse y descansar lejos de las masas?<\/strong>\n\nEscape a su propio para\u00edso relaj\u00e1ndose en una de nuestras hamacas pr\u00f3digos o tumbonas, ubicada en rincones apartados de nuestros hermosos jardines. Jaco Blu Bar ofrece el escenario perfecto para almuerzos perezosos o grandes ocasiones durante todo el d\u00eda por lo que permitir que uno de nuestros miembros del personal atento para cuidar de usted si usted est\u00e1 buscando comidas ligeras en la comodidad de su cama en la piscina, una mesa en nuestra puesta de sol terraza o degustar una sensaci\u00f3n de sabor de uno de nuestros platos cuidadosamente seleccionados en el men\u00fa en nuestro restaurante de cocina fusi\u00f3n. Situado junto a la piscina y con vistas al Oc\u00e9ano disfruta de una noche de puro placer y el placer.\t\t\t\t\t\t\t\t<\/div>\n\t\t\t\t<\/div>\n\t\t\t\t\t<\/div>\n\t\t<\/div>\n\t\t\t\t\t<\/div>\n\t\t<\/section>\n\t\t\t\t<section class=\"elementor-section elementor-top-section elementor-element elementor-element-69c6577 elementor-section-boxed elementor-section-height-default elementor-section-height-default\" data-id=\"69c6577\" data-element_type=\"section\" data-e-type=\"section\">\n\t\t\t\t\t\t<div class=\"elementor-container elementor-column-gap-default\">\n\t\t\t\t\t<div class=\"elementor-column elementor-col-100 elementor-top-column elementor-element elementor-element-9db02ff\" data-id=\"9db02ff\" data-element_type=\"column\" data-e-type=\"column\">\n\t\t\t<div class=\"elementor-widget-wrap elementor-element-populated\">\n\t\t\t\t\t\t<div class=\"elementor-element elementor-element-6035163 elementor-widget-divider--view-line elementor-widget elementor-widget-divider\" data-id=\"6035163\" data-element_type=\"widget\" data-e-type=\"widget\" data-widget_type=\"divider.default\">\n\t\t\t\t<div class=\"elementor-widget-container\">\n\t\t\t\t\t\t\t<div class=\"elementor-divider\">\n\t\t\t<span class=\"elementor-divider-separator\">\n\t\t\t\t\t\t<\/span>\n\t\t<\/div>\n\t\t\t\t\t\t<\/div>\n\t\t\t\t<\/div>\n\t\t\t\t<div class=\"elementor-element elementor-element-2d5b81c elementor-widget elementor-widget-text-editor\" data-id=\"2d5b81c\" data-element_type=\"widget\" data-e-type=\"widget\" data-widget_type=\"text-editor.default\">\n\t\t\t\t<div class=\"elementor-widget-container\">\n\t\t\t\t\t\t\t\t\t\n<h3>Horarios<\/h3>\n<p>Algunos restaurantes est\u00e1n abiertos s\u00f3lo para cenas; sin embargo, hay una gran cantidad de lugares para desayunar y comer<br \/>Desayuno: 7am &#8211; 11am<br \/>Almuerzo:\u00a011am &#8211;\u00a002pm<br \/>Cena: 6pm &#8211; 11pm<\/p>\n<p>&nbsp;<\/p>\n<h3>Reservaciones<\/h3>\n<p>\u00bfTe gustar\u00eda hacer una reserva para cualquier lugar en particular?<\/p>\n<p>Llame al +506-2643-2917<br \/>Info@jacomontecarlo.com<\/p>eo.<\/p>\t\t\t\t\t\t\t\t<\/div>\n\t\t\t\t<\/div>\n\t\t\t\t\t<\/div>\n\t\t<\/div>\n\t\t\t\t\t<\/div>\n\t\t<\/section>\n\t\t\t\t<\/div>\n\t\t","protected":false},"excerpt":{"rendered":"<p>El Hicaco Jaco mariscos restaurante El Hicaco Restaurant, ubicado en Jac\u00f3 Beach es un hermoso lugar donde podr\u00e1 disfrutar de una hermosa puesta de sol y de una deliciosa comida al mismo tiempo. Va a complacer a cada uno de tus sentidos &#8230; vista perfecta, buena m\u00fasica y deliciosa comida en un solo lugar! Su [&hellip;]<\/p>\n","protected":false},"author":2,"featured_media":14513,"parent":4414,"menu_order":0,"comment_status":"closed","ping_status":"closed","template":"","meta":{"_joinchat":[],"footnotes":""},"class_list":["post-4416","page","type-page","status-publish","has-post-thumbnail","hentry"],"yoast_head":"<!-- This site is optimized with the Yoast SEO plugin v27.4 - https:\/\/yoast.com\/product\/yoast-seo-wordpress\/ -->\n<title>Restaurantes en Jaco - Servicio de Jac\u00f3 Monte Carlo<\/title>\n<meta name=\"description\" content=\"Jac\u00f3 Beach es un hermoso lugar donde podr\u00e1 disfrutar de una hermosa puesta de sol y de una deliciosa comida al mismo tiempo.\" \/>\n<meta name=\"robots\" content=\"index, follow, max-snippet:-1, max-image-preview:large, max-video-preview:-1\" \/>\n<link rel=\"canonical\" href=\"https:\/\/www.jacomontecarlo.com\/es\/servicios\/restaurantes-en-jaco\/\" \/>\n<meta property=\"og:locale\" content=\"es_ES\" \/>\n<meta property=\"og:type\" content=\"article\" \/>\n<meta property=\"og:title\" content=\"Restaurantes en Jaco - Servicio de Jac\u00f3 Monte Carlo\" \/>\n<meta property=\"og:description\" content=\"Jac\u00f3 Beach es un hermoso lugar donde podr\u00e1 disfrutar de una hermosa puesta de sol y de una deliciosa comida al mismo tiempo.\" \/>\n<meta property=\"og:url\" content=\"https:\/\/www.jacomontecarlo.com\/es\/servicios\/restaurantes-en-jaco\/\" \/>\n<meta property=\"og:site_name\" content=\"Monte Carlo Luxury Condominiums Jaco Beach\" \/>\n<meta property=\"article:publisher\" content=\"https:\/\/www.facebook.com\/montecarloluxurycondominiums\/\" \/>\n<meta property=\"article:modified_time\" content=\"2025-02-06T15:13:29+00:00\" \/>\n<meta property=\"og:image\" content=\"https:\/\/www.jacomontecarlo.com\/wp-content\/uploads\/2023\/04\/coast-pacific-ocean-restaurants.jpg\" \/>\n\t<meta property=\"og:image:width\" content=\"1920\" \/>\n\t<meta property=\"og:image:height\" content=\"1282\" \/>\n\t<meta property=\"og:image:type\" content=\"image\/jpeg\" \/>\n<script type=\"application\/ld+json\" class=\"yoast-schema-graph\">{\"@context\":\"https:\\\/\\\/schema.org\",\"@graph\":[{\"@type\":\"WebPage\",\"@id\":\"https:\\\/\\\/www.jacomontecarlo.com\\\/es\\\/servicios\\\/restaurantes-en-jaco\\\/\",\"url\":\"https:\\\/\\\/www.jacomontecarlo.com\\\/es\\\/servicios\\\/restaurantes-en-jaco\\\/\",\"name\":\"Restaurantes en Jaco - Servicio de Jac\u00f3 Monte Carlo\",\"isPartOf\":{\"@id\":\"https:\\\/\\\/www.jacomontecarlo.com\\\/es\\\/#website\"},\"primaryImageOfPage\":{\"@id\":\"https:\\\/\\\/www.jacomontecarlo.com\\\/es\\\/servicios\\\/restaurantes-en-jaco\\\/#primaryimage\"},\"image\":{\"@id\":\"https:\\\/\\\/www.jacomontecarlo.com\\\/es\\\/servicios\\\/restaurantes-en-jaco\\\/#primaryimage\"},\"thumbnailUrl\":\"https:\\\/\\\/www.jacomontecarlo.com\\\/wp-content\\\/uploads\\\/2023\\\/04\\\/coast-pacific-ocean-restaurants.jpg\",\"datePublished\":\"2015-06-03T02:30:33+00:00\",\"dateModified\":\"2025-02-06T15:13:29+00:00\",\"description\":\"Jac\u00f3 Beach es un hermoso lugar donde podr\u00e1 disfrutar de una hermosa puesta de sol y de una deliciosa comida al mismo tiempo.\",\"breadcrumb\":{\"@id\":\"https:\\\/\\\/www.jacomontecarlo.com\\\/es\\\/servicios\\\/restaurantes-en-jaco\\\/#breadcrumb\"},\"inLanguage\":\"es-CR\",\"potentialAction\":[{\"@type\":\"ReadAction\",\"target\":[\"https:\\\/\\\/www.jacomontecarlo.com\\\/es\\\/servicios\\\/restaurantes-en-jaco\\\/\"]}]},{\"@type\":\"ImageObject\",\"inLanguage\":\"es-CR\",\"@id\":\"https:\\\/\\\/www.jacomontecarlo.com\\\/es\\\/servicios\\\/restaurantes-en-jaco\\\/#primaryimage\",\"url\":\"https:\\\/\\\/www.jacomontecarlo.com\\\/wp-content\\\/uploads\\\/2023\\\/04\\\/coast-pacific-ocean-restaurants.jpg\",\"contentUrl\":\"https:\\\/\\\/www.jacomontecarlo.com\\\/wp-content\\\/uploads\\\/2023\\\/04\\\/coast-pacific-ocean-restaurants.jpg\",\"width\":1920,\"height\":1282,\"caption\":\"restaurants\"},{\"@type\":\"BreadcrumbList\",\"@id\":\"https:\\\/\\\/www.jacomontecarlo.com\\\/es\\\/servicios\\\/restaurantes-en-jaco\\\/#breadcrumb\",\"itemListElement\":[{\"@type\":\"ListItem\",\"position\":1,\"name\":\"Inicio\",\"item\":\"https:\\\/\\\/www.jacomontecarlo.com\\\/es\\\/\"},{\"@type\":\"ListItem\",\"position\":2,\"name\":\"Servicios\",\"item\":\"https:\\\/\\\/www.jacomontecarlo.com\\\/es\\\/servicios\\\/\"},{\"@type\":\"ListItem\",\"position\":3,\"name\":\"Restaurantes en Jaco\"}]},{\"@type\":\"WebSite\",\"@id\":\"https:\\\/\\\/www.jacomontecarlo.com\\\/es\\\/#website\",\"url\":\"https:\\\/\\\/www.jacomontecarlo.com\\\/es\\\/\",\"name\":\"Monte Carlo Condominium - Jaco Beach\",\"description\":\"[icon icon=mapmarker] LUXURY VACATION RENTALS IN JACO BEACH\",\"publisher\":{\"@id\":\"https:\\\/\\\/www.jacomontecarlo.com\\\/es\\\/#organization\"},\"alternateName\":\"Monte Carlo Luxury Condominium for rent\",\"potentialAction\":[{\"@type\":\"SearchAction\",\"target\":{\"@type\":\"EntryPoint\",\"urlTemplate\":\"https:\\\/\\\/www.jacomontecarlo.com\\\/es\\\/?s={search_term_string}\"},\"query-input\":{\"@type\":\"PropertyValueSpecification\",\"valueRequired\":true,\"valueName\":\"search_term_string\"}}],\"inLanguage\":\"es-CR\"},{\"@type\":\"Organization\",\"@id\":\"https:\\\/\\\/www.jacomontecarlo.com\\\/es\\\/#organization\",\"name\":\"Condominios Monte Carlos\",\"alternateName\":\"Luxury Condominium\",\"url\":\"https:\\\/\\\/www.jacomontecarlo.com\\\/es\\\/\",\"logo\":{\"@type\":\"ImageObject\",\"inLanguage\":\"es-CR\",\"@id\":\"https:\\\/\\\/www.jacomontecarlo.com\\\/es\\\/#\\\/schema\\\/logo\\\/image\\\/\",\"url\":\"https:\\\/\\\/www.jacomontecarlo.com\\\/wp-content\\\/uploads\\\/2015\\\/08\\\/logo-MC.jpg\",\"contentUrl\":\"https:\\\/\\\/www.jacomontecarlo.com\\\/wp-content\\\/uploads\\\/2015\\\/08\\\/logo-MC.jpg\",\"width\":1060,\"height\":545,\"caption\":\"Condominios Monte Carlos\"},\"image\":{\"@id\":\"https:\\\/\\\/www.jacomontecarlo.com\\\/es\\\/#\\\/schema\\\/logo\\\/image\\\/\"},\"sameAs\":[\"https:\\\/\\\/www.facebook.com\\\/montecarloluxurycondominiums\\\/\",\"https:\\\/\\\/x.com\\\/onsitecostarica\",\"https:\\\/\\\/www.youtube.com\\\/@MONTECARLOLUXURYCONDOS\\\/videos\",\"https:\\\/\\\/www.instagram.com\\\/jacomontecarlo\\\/\"]}]}<\/script>\n<!-- \/ Yoast SEO plugin. -->","yoast_head_json":{"title":"Restaurantes en Jaco - Servicio de Jac\u00f3 Monte Carlo","description":"Jac\u00f3 Beach es un hermoso lugar donde podr\u00e1 disfrutar de una hermosa puesta de sol y de una deliciosa comida al mismo tiempo.","robots":{"index":"index","follow":"follow","max-snippet":"max-snippet:-1","max-image-preview":"max-image-preview:large","max-video-preview":"max-video-preview:-1"},"canonical":"https:\/\/www.jacomontecarlo.com\/es\/servicios\/restaurantes-en-jaco\/","og_locale":"es_ES","og_type":"article","og_title":"Restaurantes en Jaco - Servicio de Jac\u00f3 Monte Carlo","og_description":"Jac\u00f3 Beach es un hermoso lugar donde podr\u00e1 disfrutar de una hermosa puesta de sol y de una deliciosa comida al mismo tiempo.","og_url":"https:\/\/www.jacomontecarlo.com\/es\/servicios\/restaurantes-en-jaco\/","og_site_name":"Monte Carlo Luxury Condominiums Jaco Beach","article_publisher":"https:\/\/www.facebook.com\/montecarloluxurycondominiums\/","article_modified_time":"2025-02-06T15:13:29+00:00","og_image":[{"width":1920,"height":1282,"url":"https:\/\/www.jacomontecarlo.com\/wp-content\/uploads\/2023\/04\/coast-pacific-ocean-restaurants.jpg","type":"image\/jpeg"}],"schema":{"@context":"https:\/\/schema.org","@graph":[{"@type":"WebPage","@id":"https:\/\/www.jacomontecarlo.com\/es\/servicios\/restaurantes-en-jaco\/","url":"https:\/\/www.jacomontecarlo.com\/es\/servicios\/restaurantes-en-jaco\/","name":"Restaurantes en Jaco - Servicio de Jac\u00f3 Monte Carlo","isPartOf":{"@id":"https:\/\/www.jacomontecarlo.com\/es\/#website"},"primaryImageOfPage":{"@id":"https:\/\/www.jacomontecarlo.com\/es\/servicios\/restaurantes-en-jaco\/#primaryimage"},"image":{"@id":"https:\/\/www.jacomontecarlo.com\/es\/servicios\/restaurantes-en-jaco\/#primaryimage"},"thumbnailUrl":"https:\/\/www.jacomontecarlo.com\/wp-content\/uploads\/2023\/04\/coast-pacific-ocean-restaurants.jpg","datePublished":"2015-06-03T02:30:33+00:00","dateModified":"2025-02-06T15:13:29+00:00","description":"Jac\u00f3 Beach es un hermoso lugar donde podr\u00e1 disfrutar de una hermosa puesta de sol y de una deliciosa comida al mismo tiempo.","breadcrumb":{"@id":"https:\/\/www.jacomontecarlo.com\/es\/servicios\/restaurantes-en-jaco\/#breadcrumb"},"inLanguage":"es-CR","potentialAction":[{"@type":"ReadAction","target":["https:\/\/www.jacomontecarlo.com\/es\/servicios\/restaurantes-en-jaco\/"]}]},{"@type":"ImageObject","inLanguage":"es-CR","@id":"https:\/\/www.jacomontecarlo.com\/es\/servicios\/restaurantes-en-jaco\/#primaryimage","url":"https:\/\/www.jacomontecarlo.com\/wp-content\/uploads\/2023\/04\/coast-pacific-ocean-restaurants.jpg","contentUrl":"https:\/\/www.jacomontecarlo.com\/wp-content\/uploads\/2023\/04\/coast-pacific-ocean-restaurants.jpg","width":1920,"height":1282,"caption":"restaurants"},{"@type":"BreadcrumbList","@id":"https:\/\/www.jacomontecarlo.com\/es\/servicios\/restaurantes-en-jaco\/#breadcrumb","itemListElement":[{"@type":"ListItem","position":1,"name":"Inicio","item":"https:\/\/www.jacomontecarlo.com\/es\/"},{"@type":"ListItem","position":2,"name":"Servicios","item":"https:\/\/www.jacomontecarlo.com\/es\/servicios\/"},{"@type":"ListItem","position":3,"name":"Restaurantes en Jaco"}]},{"@type":"WebSite","@id":"https:\/\/www.jacomontecarlo.com\/es\/#website","url":"https:\/\/www.jacomontecarlo.com\/es\/","name":"Monte Carlo Condominium - Jaco Beach","description":"[icon icon=mapmarker] LUXURY VACATION RENTALS IN JACO BEACH","publisher":{"@id":"https:\/\/www.jacomontecarlo.com\/es\/#organization"},"alternateName":"Monte Carlo Luxury Condominium for rent","potentialAction":[{"@type":"SearchAction","target":{"@type":"EntryPoint","urlTemplate":"https:\/\/www.jacomontecarlo.com\/es\/?s={search_term_string}"},"query-input":{"@type":"PropertyValueSpecification","valueRequired":true,"valueName":"search_term_string"}}],"inLanguage":"es-CR"},{"@type":"Organization","@id":"https:\/\/www.jacomontecarlo.com\/es\/#organization","name":"Condominios Monte Carlos","alternateName":"Luxury Condominium","url":"https:\/\/www.jacomontecarlo.com\/es\/","logo":{"@type":"ImageObject","inLanguage":"es-CR","@id":"https:\/\/www.jacomontecarlo.com\/es\/#\/schema\/logo\/image\/","url":"https:\/\/www.jacomontecarlo.com\/wp-content\/uploads\/2015\/08\/logo-MC.jpg","contentUrl":"https:\/\/www.jacomontecarlo.com\/wp-content\/uploads\/2015\/08\/logo-MC.jpg","width":1060,"height":545,"caption":"Condominios Monte Carlos"},"image":{"@id":"https:\/\/www.jacomontecarlo.com\/es\/#\/schema\/logo\/image\/"},"sameAs":["https:\/\/www.facebook.com\/montecarloluxurycondominiums\/","https:\/\/x.com\/onsitecostarica","https:\/\/www.youtube.com\/@MONTECARLOLUXURYCONDOS\/videos","https:\/\/www.instagram.com\/jacomontecarlo\/"]}]}},"_links":{"self":[{"href":"https:\/\/www.jacomontecarlo.com\/es\/wp-json\/wp\/v2\/pages\/4416","targetHints":{"allow":["GET"]}}],"collection":[{"href":"https:\/\/www.jacomontecarlo.com\/es\/wp-json\/wp\/v2\/pages"}],"about":[{"href":"https:\/\/www.jacomontecarlo.com\/es\/wp-json\/wp\/v2\/types\/page"}],"author":[{"embeddable":true,"href":"https:\/\/www.jacomontecarlo.com\/es\/wp-json\/wp\/v2\/users\/2"}],"replies":[{"embeddable":true,"href":"https:\/\/www.jacomontecarlo.com\/es\/wp-json\/wp\/v2\/comments?post=4416"}],"version-history":[{"count":0,"href":"https:\/\/www.jacomontecarlo.com\/es\/wp-json\/wp\/v2\/pages\/4416\/revisions"}],"up":[{"embeddable":true,"href":"https:\/\/www.jacomontecarlo.com\/es\/wp-json\/wp\/v2\/pages\/4414"}],"wp:featuredmedia":[{"embeddable":true,"href":"https:\/\/www.jacomontecarlo.com\/es\/wp-json\/wp\/v2\/media\/14513"}],"wp:attachment":[{"href":"https:\/\/www.jacomontecarlo.com\/es\/wp-json\/wp\/v2\/media?parent=4416"}],"curies":[{"name":"wp","href":"https:\/\/api.w.org\/{rel}","templated":true}]}}