{"id":4417,"date":"2015-06-03T02:30:12","date_gmt":"2015-06-03T02:30:12","guid":{"rendered":"https:\/\/www.jacomontecarlo.com\/?page_id=4417"},"modified":"2025-12-03T14:04:04","modified_gmt":"2025-12-03T20:04:04","slug":"alquiler-mensual","status":"publish","type":"page","link":"https:\/\/www.jacomontecarlo.com\/es\/alquiler-mensual\/","title":{"rendered":"Alquiler Mensual"},"content":{"rendered":"\t\t<div data-elementor-type=\"wp-page\" data-elementor-id=\"4417\" class=\"elementor elementor-4417 elementor-11\" data-elementor-post-type=\"page\">\n\t\t\t\t\t\t<section class=\"elementor-section elementor-top-section elementor-element elementor-element-0604fbe elementor-section-boxed elementor-section-height-default elementor-section-height-default\" data-id=\"0604fbe\" data-element_type=\"section\" data-e-type=\"section\">\n\t\t\t\t\t\t<div class=\"elementor-container elementor-column-gap-wider\">\n\t\t\t\t\t<div class=\"elementor-column elementor-col-50 elementor-top-column elementor-element elementor-element-147004c\" data-id=\"147004c\" data-element_type=\"column\" data-e-type=\"column\">\n\t\t\t<div class=\"elementor-widget-wrap elementor-element-populated\">\n\t\t\t\t\t\t<div class=\"elementor-element elementor-element-a9268a7 elementor-widget elementor-widget-heading\" data-id=\"a9268a7\" data-element_type=\"widget\" data-e-type=\"widget\" data-widget_type=\"heading.default\">\n\t\t\t\t<div class=\"elementor-widget-container\">\n\t\t\t\t\t<h2 class=\"elementor-heading-title elementor-size-default\">Solicita una reserva mensual<\/h2>\t\t\t\t<\/div>\n\t\t\t\t<\/div>\n\t\t\t\t<div class=\"elementor-element elementor-element-4c06182 elementor-widget elementor-widget-heading\" data-id=\"4c06182\" data-element_type=\"widget\" data-e-type=\"widget\" data-widget_type=\"heading.default\">\n\t\t\t\t<div class=\"elementor-widget-container\">\n\t\t\t\t\t<h3 class=\"elementor-heading-title elementor-size-default\">Condominios Totalmente Equipados<\/h3>\t\t\t\t<\/div>\n\t\t\t\t<\/div>\n\t\t\t\t<div class=\"elementor-element elementor-element-0eed889 elementor-widget elementor-widget-heading\" data-id=\"0eed889\" data-element_type=\"widget\" data-e-type=\"widget\" data-widget_type=\"heading.default\">\n\t\t\t\t<div class=\"elementor-widget-container\">\n\t\t\t\t\t<h4 class=\"elementor-heading-title elementor-size-default\">Vacaciones de larga estancia<\/h4>\t\t\t\t<\/div>\n\t\t\t\t<\/div>\n\t\t\t\t<div class=\"elementor-element elementor-element-34bb56e elementor-widget elementor-widget-text-editor\" data-id=\"34bb56e\" data-element_type=\"widget\" data-e-type=\"widget\" data-widget_type=\"text-editor.default\">\n\t\t\t\t<div class=\"elementor-widget-container\">\n\t\t\t\t\t\t\t\t\t<div class=\"page\" title=\"Page 2\"><div class=\"section\"><div class=\"layoutArea\"><p>La electricidad no est\u00e1 incluida en las tarifas mensuales.<\/p><p>Servicios incluidos:<\/p><ul><li>Agua<\/li><li>Televisi\u00f3n por cable<\/li><li>Internet Wi-Fi<\/li><li>Servicio de limpieza dos veces por semana<\/li><li>Servicios de conserjer\u00eda<\/li><li>Impuestos y tasas<\/li><\/ul><\/div><\/div><\/div>\t\t\t\t\t\t\t\t<\/div>\n\t\t\t\t<\/div>\n\t\t\t\t\t<\/div>\n\t\t<\/div>\n\t\t\t\t<div class=\"elementor-column elementor-col-50 elementor-top-column elementor-element elementor-element-3ade088\" data-id=\"3ade088\" data-element_type=\"column\" data-e-type=\"column\">\n\t\t\t<div class=\"elementor-widget-wrap elementor-element-populated\">\n\t\t\t\t\t\t<div class=\"elementor-element elementor-element-ef53528 elementor-widget elementor-widget-shortcode\" data-id=\"ef53528\" data-element_type=\"widget\" data-e-type=\"widget\" data-widget_type=\"shortcode.default\">\n\t\t\t\t<div class=\"elementor-widget-container\">\n\t\t\t\t\t\t\t<div class=\"elementor-shortcode\"><p class=\"wpcf7-contact-form-not-found\"><strong>Error:<\/strong> Contact form not found.<\/p><\/div>\n\t\t\t\t\t\t<\/div>\n\t\t\t\t<\/div>\n\t\t\t\t\t<\/div>\n\t\t<\/div>\n\t\t\t\t\t<\/div>\n\t\t<\/section>\n\t\t\t\t<\/div>\n\t\t","protected":false},"excerpt":{"rendered":"<p>Solicita una reserva mensual Condominios Totalmente Equipados Vacaciones de larga estancia La electricidad no est\u00e1 incluida en las tarifas mensuales. Servicios incluidos: Agua Televisi\u00f3n por cable Internet Wi-Fi Servicio de limpieza dos veces por semana Servicios de conserjer\u00eda Impuestos y tasas<\/p>\n","protected":false},"author":5,"featured_media":11826,"parent":0,"menu_order":0,"comment_status":"closed","ping_status":"closed","template":"","meta":{"_joinchat":[],"footnotes":""},"class_list":["post-4417","page","type-page","status-publish","has-post-thumbnail","hentry"],"yoast_head":"<!-- This site is optimized with the Yoast SEO plugin v27.4 - https:\/\/yoast.com\/product\/yoast-seo-wordpress\/ -->\n<title>Alquiler mensual Montecarlo Condominio<\/title>\n<meta name=\"description\" content=\"Alquiler Mensual en Playa Jac\u00f3. Conozca m\u00e1s sobre nuestras propiedades para alquiler o compra en la mejor ubicaci\u00f3n. Env\u00edenos sus consultas.\" \/>\n<meta name=\"robots\" content=\"index, follow, max-snippet:-1, max-image-preview:large, max-video-preview:-1\" \/>\n<link rel=\"canonical\" href=\"https:\/\/www.jacomontecarlo.com\/es\/alquiler-mensual\/\" \/>\n<meta property=\"og:locale\" content=\"es_ES\" \/>\n<meta property=\"og:type\" content=\"article\" \/>\n<meta property=\"og:title\" content=\"Alquiler mensual Montecarlo Condominio\" \/>\n<meta property=\"og:description\" content=\"Alquiler Mensual en Playa Jac\u00f3. Conozca m\u00e1s sobre nuestras propiedades para alquiler o compra en la mejor ubicaci\u00f3n. Env\u00edenos sus consultas.\" \/>\n<meta property=\"og:url\" content=\"https:\/\/www.jacomontecarlo.com\/es\/alquiler-mensual\/\" \/>\n<meta property=\"og:site_name\" content=\"Monte Carlo Luxury Condominiums Jaco Beach\" \/>\n<meta property=\"article:publisher\" content=\"https:\/\/www.facebook.com\/montecarloluxurycondominiums\/\" \/>\n<meta property=\"article:modified_time\" content=\"2025-12-03T20:04:04+00:00\" \/>\n<meta property=\"og:image\" content=\"https:\/\/www.jacomontecarlo.com\/wp-content\/uploads\/2019\/09\/slide-2019.jpg\" \/>\n\t<meta property=\"og:image:width\" content=\"1240\" \/>\n\t<meta property=\"og:image:height\" content=\"680\" \/>\n\t<meta property=\"og:image:type\" content=\"image\/jpeg\" \/>\n<script type=\"application\/ld+json\" class=\"yoast-schema-graph\">{\"@context\":\"https:\\\/\\\/schema.org\",\"@graph\":[{\"@type\":\"WebPage\",\"@id\":\"https:\\\/\\\/www.jacomontecarlo.com\\\/es\\\/alquiler-mensual\\\/\",\"url\":\"https:\\\/\\\/www.jacomontecarlo.com\\\/es\\\/alquiler-mensual\\\/\",\"name\":\"Alquiler mensual Montecarlo Condominio\",\"isPartOf\":{\"@id\":\"https:\\\/\\\/www.jacomontecarlo.com\\\/es\\\/#website\"},\"primaryImageOfPage\":{\"@id\":\"https:\\\/\\\/www.jacomontecarlo.com\\\/es\\\/alquiler-mensual\\\/#primaryimage\"},\"image\":{\"@id\":\"https:\\\/\\\/www.jacomontecarlo.com\\\/es\\\/alquiler-mensual\\\/#primaryimage\"},\"thumbnailUrl\":\"https:\\\/\\\/www.jacomontecarlo.com\\\/wp-content\\\/uploads\\\/2019\\\/09\\\/slide-2019.jpg\",\"datePublished\":\"2015-06-03T02:30:12+00:00\",\"dateModified\":\"2025-12-03T20:04:04+00:00\",\"description\":\"Alquiler Mensual en Playa Jac\u00f3. Conozca m\u00e1s sobre nuestras propiedades para alquiler o compra en la mejor ubicaci\u00f3n. Env\u00edenos sus consultas.\",\"breadcrumb\":{\"@id\":\"https:\\\/\\\/www.jacomontecarlo.com\\\/es\\\/alquiler-mensual\\\/#breadcrumb\"},\"inLanguage\":\"es-CR\",\"potentialAction\":[{\"@type\":\"ReadAction\",\"target\":[\"https:\\\/\\\/www.jacomontecarlo.com\\\/es\\\/alquiler-mensual\\\/\"]}]},{\"@type\":\"ImageObject\",\"inLanguage\":\"es-CR\",\"@id\":\"https:\\\/\\\/www.jacomontecarlo.com\\\/es\\\/alquiler-mensual\\\/#primaryimage\",\"url\":\"https:\\\/\\\/www.jacomontecarlo.com\\\/wp-content\\\/uploads\\\/2019\\\/09\\\/slide-2019.jpg\",\"contentUrl\":\"https:\\\/\\\/www.jacomontecarlo.com\\\/wp-content\\\/uploads\\\/2019\\\/09\\\/slide-2019.jpg\",\"width\":1240,\"height\":680,\"caption\":\"Vacation Condos in Jaco\"},{\"@type\":\"BreadcrumbList\",\"@id\":\"https:\\\/\\\/www.jacomontecarlo.com\\\/es\\\/alquiler-mensual\\\/#breadcrumb\",\"itemListElement\":[{\"@type\":\"ListItem\",\"position\":1,\"name\":\"Inicio\",\"item\":\"https:\\\/\\\/www.jacomontecarlo.com\\\/es\\\/\"},{\"@type\":\"ListItem\",\"position\":2,\"name\":\"Alquiler Mensual\"}]},{\"@type\":\"WebSite\",\"@id\":\"https:\\\/\\\/www.jacomontecarlo.com\\\/es\\\/#website\",\"url\":\"https:\\\/\\\/www.jacomontecarlo.com\\\/es\\\/\",\"name\":\"Monte Carlo Condominium - Jaco Beach\",\"description\":\"[icon icon=mapmarker] LUXURY VACATION RENTALS IN JACO BEACH\",\"publisher\":{\"@id\":\"https:\\\/\\\/www.jacomontecarlo.com\\\/es\\\/#organization\"},\"alternateName\":\"Monte Carlo Luxury Condominium for rent\",\"potentialAction\":[{\"@type\":\"SearchAction\",\"target\":{\"@type\":\"EntryPoint\",\"urlTemplate\":\"https:\\\/\\\/www.jacomontecarlo.com\\\/es\\\/?s={search_term_string}\"},\"query-input\":{\"@type\":\"PropertyValueSpecification\",\"valueRequired\":true,\"valueName\":\"search_term_string\"}}],\"inLanguage\":\"es-CR\"},{\"@type\":\"Organization\",\"@id\":\"https:\\\/\\\/www.jacomontecarlo.com\\\/es\\\/#organization\",\"name\":\"Condominios Monte Carlos\",\"alternateName\":\"Luxury Condominium\",\"url\":\"https:\\\/\\\/www.jacomontecarlo.com\\\/es\\\/\",\"logo\":{\"@type\":\"ImageObject\",\"inLanguage\":\"es-CR\",\"@id\":\"https:\\\/\\\/www.jacomontecarlo.com\\\/es\\\/#\\\/schema\\\/logo\\\/image\\\/\",\"url\":\"https:\\\/\\\/www.jacomontecarlo.com\\\/wp-content\\\/uploads\\\/2015\\\/08\\\/logo-MC.jpg\",\"contentUrl\":\"https:\\\/\\\/www.jacomontecarlo.com\\\/wp-content\\\/uploads\\\/2015\\\/08\\\/logo-MC.jpg\",\"width\":1060,\"height\":545,\"caption\":\"Condominios Monte Carlos\"},\"image\":{\"@id\":\"https:\\\/\\\/www.jacomontecarlo.com\\\/es\\\/#\\\/schema\\\/logo\\\/image\\\/\"},\"sameAs\":[\"https:\\\/\\\/www.facebook.com\\\/montecarloluxurycondominiums\\\/\",\"https:\\\/\\\/x.com\\\/onsitecostarica\",\"https:\\\/\\\/www.youtube.com\\\/@MONTECARLOLUXURYCONDOS\\\/videos\",\"https:\\\/\\\/www.instagram.com\\\/jacomontecarlo\\\/\"]}]}<\/script>\n<!-- \/ Yoast SEO plugin. -->","yoast_head_json":{"title":"Alquiler mensual Montecarlo Condominio","description":"Alquiler Mensual en Playa Jac\u00f3. Conozca m\u00e1s sobre nuestras propiedades para alquiler o compra en la mejor ubicaci\u00f3n. Env\u00edenos sus consultas.","robots":{"index":"index","follow":"follow","max-snippet":"max-snippet:-1","max-image-preview":"max-image-preview:large","max-video-preview":"max-video-preview:-1"},"canonical":"https:\/\/www.jacomontecarlo.com\/es\/alquiler-mensual\/","og_locale":"es_ES","og_type":"article","og_title":"Alquiler mensual Montecarlo Condominio","og_description":"Alquiler Mensual en Playa Jac\u00f3. Conozca m\u00e1s sobre nuestras propiedades para alquiler o compra en la mejor ubicaci\u00f3n. Env\u00edenos sus consultas.","og_url":"https:\/\/www.jacomontecarlo.com\/es\/alquiler-mensual\/","og_site_name":"Monte Carlo Luxury Condominiums Jaco Beach","article_publisher":"https:\/\/www.facebook.com\/montecarloluxurycondominiums\/","article_modified_time":"2025-12-03T20:04:04+00:00","og_image":[{"width":1240,"height":680,"url":"https:\/\/www.jacomontecarlo.com\/wp-content\/uploads\/2019\/09\/slide-2019.jpg","type":"image\/jpeg"}],"schema":{"@context":"https:\/\/schema.org","@graph":[{"@type":"WebPage","@id":"https:\/\/www.jacomontecarlo.com\/es\/alquiler-mensual\/","url":"https:\/\/www.jacomontecarlo.com\/es\/alquiler-mensual\/","name":"Alquiler mensual Montecarlo Condominio","isPartOf":{"@id":"https:\/\/www.jacomontecarlo.com\/es\/#website"},"primaryImageOfPage":{"@id":"https:\/\/www.jacomontecarlo.com\/es\/alquiler-mensual\/#primaryimage"},"image":{"@id":"https:\/\/www.jacomontecarlo.com\/es\/alquiler-mensual\/#primaryimage"},"thumbnailUrl":"https:\/\/www.jacomontecarlo.com\/wp-content\/uploads\/2019\/09\/slide-2019.jpg","datePublished":"2015-06-03T02:30:12+00:00","dateModified":"2025-12-03T20:04:04+00:00","description":"Alquiler Mensual en Playa Jac\u00f3. Conozca m\u00e1s sobre nuestras propiedades para alquiler o compra en la mejor ubicaci\u00f3n. Env\u00edenos sus consultas.","breadcrumb":{"@id":"https:\/\/www.jacomontecarlo.com\/es\/alquiler-mensual\/#breadcrumb"},"inLanguage":"es-CR","potentialAction":[{"@type":"ReadAction","target":["https:\/\/www.jacomontecarlo.com\/es\/alquiler-mensual\/"]}]},{"@type":"ImageObject","inLanguage":"es-CR","@id":"https:\/\/www.jacomontecarlo.com\/es\/alquiler-mensual\/#primaryimage","url":"https:\/\/www.jacomontecarlo.com\/wp-content\/uploads\/2019\/09\/slide-2019.jpg","contentUrl":"https:\/\/www.jacomontecarlo.com\/wp-content\/uploads\/2019\/09\/slide-2019.jpg","width":1240,"height":680,"caption":"Vacation Condos in Jaco"},{"@type":"BreadcrumbList","@id":"https:\/\/www.jacomontecarlo.com\/es\/alquiler-mensual\/#breadcrumb","itemListElement":[{"@type":"ListItem","position":1,"name":"Inicio","item":"https:\/\/www.jacomontecarlo.com\/es\/"},{"@type":"ListItem","position":2,"name":"Alquiler Mensual"}]},{"@type":"WebSite","@id":"https:\/\/www.jacomontecarlo.com\/es\/#website","url":"https:\/\/www.jacomontecarlo.com\/es\/","name":"Monte Carlo Condominium - Jaco Beach","description":"[icon icon=mapmarker] LUXURY VACATION RENTALS IN JACO BEACH","publisher":{"@id":"https:\/\/www.jacomontecarlo.com\/es\/#organization"},"alternateName":"Monte Carlo Luxury Condominium for rent","potentialAction":[{"@type":"SearchAction","target":{"@type":"EntryPoint","urlTemplate":"https:\/\/www.jacomontecarlo.com\/es\/?s={search_term_string}"},"query-input":{"@type":"PropertyValueSpecification","valueRequired":true,"valueName":"search_term_string"}}],"inLanguage":"es-CR"},{"@type":"Organization","@id":"https:\/\/www.jacomontecarlo.com\/es\/#organization","name":"Condominios Monte Carlos","alternateName":"Luxury Condominium","url":"https:\/\/www.jacomontecarlo.com\/es\/","logo":{"@type":"ImageObject","inLanguage":"es-CR","@id":"https:\/\/www.jacomontecarlo.com\/es\/#\/schema\/logo\/image\/","url":"https:\/\/www.jacomontecarlo.com\/wp-content\/uploads\/2015\/08\/logo-MC.jpg","contentUrl":"https:\/\/www.jacomontecarlo.com\/wp-content\/uploads\/2015\/08\/logo-MC.jpg","width":1060,"height":545,"caption":"Condominios Monte Carlos"},"image":{"@id":"https:\/\/www.jacomontecarlo.com\/es\/#\/schema\/logo\/image\/"},"sameAs":["https:\/\/www.facebook.com\/montecarloluxurycondominiums\/","https:\/\/x.com\/onsitecostarica","https:\/\/www.youtube.com\/@MONTECARLOLUXURYCONDOS\/videos","https:\/\/www.instagram.com\/jacomontecarlo\/"]}]}},"_links":{"self":[{"href":"https:\/\/www.jacomontecarlo.com\/es\/wp-json\/wp\/v2\/pages\/4417","targetHints":{"allow":["GET"]}}],"collection":[{"href":"https:\/\/www.jacomontecarlo.com\/es\/wp-json\/wp\/v2\/pages"}],"about":[{"href":"https:\/\/www.jacomontecarlo.com\/es\/wp-json\/wp\/v2\/types\/page"}],"author":[{"embeddable":true,"href":"https:\/\/www.jacomontecarlo.com\/es\/wp-json\/wp\/v2\/users\/5"}],"replies":[{"embeddable":true,"href":"https:\/\/www.jacomontecarlo.com\/es\/wp-json\/wp\/v2\/comments?post=4417"}],"version-history":[{"count":9,"href":"https:\/\/www.jacomontecarlo.com\/es\/wp-json\/wp\/v2\/pages\/4417\/revisions"}],"predecessor-version":[{"id":22021,"href":"https:\/\/www.jacomontecarlo.com\/es\/wp-json\/wp\/v2\/pages\/4417\/revisions\/22021"}],"wp:featuredmedia":[{"embeddable":true,"href":"https:\/\/www.jacomontecarlo.com\/es\/wp-json\/wp\/v2\/media\/11826"}],"wp:attachment":[{"href":"https:\/\/www.jacomontecarlo.com\/es\/wp-json\/wp\/v2\/media?parent=4417"}],"curies":[{"name":"wp","href":"https:\/\/api.w.org\/{rel}","templated":true}]}}