{"id":4725,"date":"2015-05-11T18:34:35","date_gmt":"2015-05-11T18:34:35","guid":{"rendered":"https:\/\/www.jacomontecarlo.com\/enjoy-costa-rica-adventures\/buggy-tour\/"},"modified":"2016-11-25T15:18:14","modified_gmt":"2016-11-25T15:18:14","slug":"tour-en-buggy","status":"publish","type":"page","link":"https:\/\/www.jacomontecarlo.com\/es\/tours-desde-jaco-monte-carlo\/tour-en-buggy\/","title":{"rendered":"Tour en Buggy"},"content":{"rendered":"<p><a href=\"https:\/\/www.jacomontecarlo.com\/\/\/wp-content\/uploads\/2015\/05\/buggy122.jpg\"><img fetchpriority=\"high\" decoding=\"async\" class=\"size-medium wp-image-6648 alignleft\" src=\"https:\/\/www.jacomontecarlo.com\/\/\/wp-content\/uploads\/2015\/05\/buggy122-300x200.jpg\" alt=\"buggy122\" width=\"300\" height=\"200\" srcset=\"https:\/\/www.jacomontecarlo.com\/wp-content\/uploads\/2015\/05\/buggy122-300x200.jpg 300w, https:\/\/www.jacomontecarlo.com\/wp-content\/uploads\/2015\/05\/buggy122.jpg 600w\" sizes=\"(max-width: 300px) 100vw, 300px\" \/><\/a>Este es un tour que debe realizar si se encuentra de visita en la zona de playa Jaco. Todos nuestros 4&#215;4 buggies &nbsp;cuentan con transmisiones totalmente autom\u00e1ticas y se encuentran en \u00f3ptimas condiciones. No se necesita experiencia previa de conducci\u00f3n para manejar algunos de nuestros veh\u00edculos. Disfrute de la emoci\u00f3n de manejar&nbsp; a trav\u00e9s de senderos, monta\u00f1as, r\u00edos y caminos de la selva a bordo de uno de nuestros off road buggies para 2 pasajeros &nbsp;de 700cc. Atravesar\u00e1 las laderas y los r\u00edos, mientras pasa por los pueblos remotos de la selva y vistas panor\u00e1micas de la costa pac\u00edfica de Jaco. Este tour es para todas las edades y es muy divertido! Todos los alquileres de buggy son guiados por un gu\u00eda profesional altamente capacitado para hacer de su aventura la mejor de su vida.<\/p>\n<p>Time: 1, 2, 3, 4 horas hasta Buggy Tours de d\u00eda completo<\/p>\n<p>Vehicle: Buggy<\/p>\n<p>Incluye:<\/p>\n<ul>\n<li>Hidrataci\u00f3n, incluye almuerzo si son tours de m\u00e1s de 3 horas.<\/li>\n<li>Goggles y casco.<\/li>\n<li>Equipo de seguridad.<\/li>\n<\/ul>\n<p>Gu\u00eda biling\u00fces.<\/p>\n<p style=\"text-align: right;\">* Los precios y reservas en nuestra oficina<\/p>\n","protected":false},"excerpt":{"rendered":"<p>Este es un tour que debe realizar si se encuentra de visita en la zona de playa Jaco. Todos nuestros 4&#215;4 buggies &nbsp;cuentan con transmisiones totalmente autom\u00e1ticas y se encuentran en \u00f3ptimas condiciones. No se necesita experiencia previa de conducci\u00f3n para manejar algunos de nuestros veh\u00edculos. Disfrute de la emoci\u00f3n de manejar&nbsp; a trav\u00e9s de [&hellip;]<\/p>\n","protected":false},"author":2,"featured_media":6648,"parent":4393,"menu_order":0,"comment_status":"closed","ping_status":"closed","template":"page-templates\/page-right.php","meta":{"_joinchat":[],"footnotes":""},"class_list":["post-4725","page","type-page","status-publish","has-post-thumbnail","hentry"],"yoast_head":"<!-- This site is optimized with the Yoast SEO plugin v27.4 - https:\/\/yoast.com\/product\/yoast-seo-wordpress\/ -->\n<title>Tour en Buggy<\/title>\n<meta name=\"robots\" content=\"index, follow, max-snippet:-1, max-image-preview:large, max-video-preview:-1\" \/>\n<link rel=\"canonical\" href=\"https:\/\/www.jacomontecarlo.com\/es\/tours-desde-jaco-monte-carlo\/tour-en-buggy\/\" \/>\n<meta property=\"og:locale\" content=\"es_ES\" \/>\n<meta property=\"og:type\" content=\"article\" \/>\n<meta property=\"og:title\" content=\"Tour en Buggy\" \/>\n<meta property=\"og:description\" content=\"Este es un tour que debe realizar si se encuentra de visita en la zona de playa Jaco. Todos nuestros 4&#215;4 buggies &nbsp;cuentan con transmisiones totalmente autom\u00e1ticas y se encuentran en \u00f3ptimas condiciones. No se necesita experiencia previa de conducci\u00f3n para manejar algunos de nuestros veh\u00edculos. Disfrute de la emoci\u00f3n de manejar&nbsp; a trav\u00e9s de [&hellip;]\" \/>\n<meta property=\"og:url\" content=\"https:\/\/www.jacomontecarlo.com\/es\/tours-desde-jaco-monte-carlo\/tour-en-buggy\/\" \/>\n<meta property=\"og:site_name\" content=\"Monte Carlo Luxury Condominiums Jaco Beach\" \/>\n<meta property=\"article:publisher\" content=\"https:\/\/www.facebook.com\/montecarloluxurycondominiums\/\" \/>\n<meta property=\"article:modified_time\" content=\"2016-11-25T15:18:14+00:00\" \/>\n<meta property=\"og:image\" content=\"https:\/\/www.jacomontecarlo.com\/wp-content\/uploads\/2015\/05\/buggy122.jpg\" \/>\n\t<meta property=\"og:image:width\" content=\"600\" \/>\n\t<meta property=\"og:image:height\" content=\"400\" \/>\n\t<meta property=\"og:image:type\" content=\"image\/jpeg\" \/>\n<script type=\"application\/ld+json\" class=\"yoast-schema-graph\">{\"@context\":\"https:\\\/\\\/schema.org\",\"@graph\":[{\"@type\":\"WebPage\",\"@id\":\"https:\\\/\\\/www.jacomontecarlo.com\\\/es\\\/tours-desde-jaco-monte-carlo\\\/tour-en-buggy\\\/\",\"url\":\"https:\\\/\\\/www.jacomontecarlo.com\\\/es\\\/tours-desde-jaco-monte-carlo\\\/tour-en-buggy\\\/\",\"name\":\"Tour en Buggy\",\"isPartOf\":{\"@id\":\"https:\\\/\\\/www.jacomontecarlo.com\\\/es\\\/#website\"},\"primaryImageOfPage\":{\"@id\":\"https:\\\/\\\/www.jacomontecarlo.com\\\/es\\\/tours-desde-jaco-monte-carlo\\\/tour-en-buggy\\\/#primaryimage\"},\"image\":{\"@id\":\"https:\\\/\\\/www.jacomontecarlo.com\\\/es\\\/tours-desde-jaco-monte-carlo\\\/tour-en-buggy\\\/#primaryimage\"},\"thumbnailUrl\":\"https:\\\/\\\/www.jacomontecarlo.com\\\/wp-content\\\/uploads\\\/2015\\\/05\\\/buggy122.jpg\",\"datePublished\":\"2015-05-11T18:34:35+00:00\",\"dateModified\":\"2016-11-25T15:18:14+00:00\",\"breadcrumb\":{\"@id\":\"https:\\\/\\\/www.jacomontecarlo.com\\\/es\\\/tours-desde-jaco-monte-carlo\\\/tour-en-buggy\\\/#breadcrumb\"},\"inLanguage\":\"es-CR\",\"potentialAction\":[{\"@type\":\"ReadAction\",\"target\":[\"https:\\\/\\\/www.jacomontecarlo.com\\\/es\\\/tours-desde-jaco-monte-carlo\\\/tour-en-buggy\\\/\"]}]},{\"@type\":\"ImageObject\",\"inLanguage\":\"es-CR\",\"@id\":\"https:\\\/\\\/www.jacomontecarlo.com\\\/es\\\/tours-desde-jaco-monte-carlo\\\/tour-en-buggy\\\/#primaryimage\",\"url\":\"https:\\\/\\\/www.jacomontecarlo.com\\\/wp-content\\\/uploads\\\/2015\\\/05\\\/buggy122.jpg\",\"contentUrl\":\"https:\\\/\\\/www.jacomontecarlo.com\\\/wp-content\\\/uploads\\\/2015\\\/05\\\/buggy122.jpg\",\"width\":600,\"height\":400},{\"@type\":\"BreadcrumbList\",\"@id\":\"https:\\\/\\\/www.jacomontecarlo.com\\\/es\\\/tours-desde-jaco-monte-carlo\\\/tour-en-buggy\\\/#breadcrumb\",\"itemListElement\":[{\"@type\":\"ListItem\",\"position\":1,\"name\":\"Inicio\",\"item\":\"https:\\\/\\\/www.jacomontecarlo.com\\\/es\\\/\"},{\"@type\":\"ListItem\",\"position\":2,\"name\":\"Tours en Costa Rica desde Playa Jac\u00f3\",\"item\":\"https:\\\/\\\/www.jacomontecarlo.com\\\/es\\\/tours-desde-jaco-monte-carlo\\\/\"},{\"@type\":\"ListItem\",\"position\":3,\"name\":\"Tour en Buggy\"}]},{\"@type\":\"WebSite\",\"@id\":\"https:\\\/\\\/www.jacomontecarlo.com\\\/es\\\/#website\",\"url\":\"https:\\\/\\\/www.jacomontecarlo.com\\\/es\\\/\",\"name\":\"Monte Carlo Condominium - Jaco Beach\",\"description\":\"[icon icon=mapmarker] LUXURY VACATION RENTALS IN JACO BEACH\",\"publisher\":{\"@id\":\"https:\\\/\\\/www.jacomontecarlo.com\\\/es\\\/#organization\"},\"alternateName\":\"Monte Carlo Luxury Condominium for rent\",\"potentialAction\":[{\"@type\":\"SearchAction\",\"target\":{\"@type\":\"EntryPoint\",\"urlTemplate\":\"https:\\\/\\\/www.jacomontecarlo.com\\\/es\\\/?s={search_term_string}\"},\"query-input\":{\"@type\":\"PropertyValueSpecification\",\"valueRequired\":true,\"valueName\":\"search_term_string\"}}],\"inLanguage\":\"es-CR\"},{\"@type\":\"Organization\",\"@id\":\"https:\\\/\\\/www.jacomontecarlo.com\\\/es\\\/#organization\",\"name\":\"Condominios Monte Carlos\",\"alternateName\":\"Luxury Condominium\",\"url\":\"https:\\\/\\\/www.jacomontecarlo.com\\\/es\\\/\",\"logo\":{\"@type\":\"ImageObject\",\"inLanguage\":\"es-CR\",\"@id\":\"https:\\\/\\\/www.jacomontecarlo.com\\\/es\\\/#\\\/schema\\\/logo\\\/image\\\/\",\"url\":\"https:\\\/\\\/www.jacomontecarlo.com\\\/wp-content\\\/uploads\\\/2015\\\/08\\\/logo-MC.jpg\",\"contentUrl\":\"https:\\\/\\\/www.jacomontecarlo.com\\\/wp-content\\\/uploads\\\/2015\\\/08\\\/logo-MC.jpg\",\"width\":1060,\"height\":545,\"caption\":\"Condominios Monte Carlos\"},\"image\":{\"@id\":\"https:\\\/\\\/www.jacomontecarlo.com\\\/es\\\/#\\\/schema\\\/logo\\\/image\\\/\"},\"sameAs\":[\"https:\\\/\\\/www.facebook.com\\\/montecarloluxurycondominiums\\\/\",\"https:\\\/\\\/x.com\\\/onsitecostarica\",\"https:\\\/\\\/www.youtube.com\\\/@MONTECARLOLUXURYCONDOS\\\/videos\",\"https:\\\/\\\/www.instagram.com\\\/jacomontecarlo\\\/\"]}]}<\/script>\n<!-- \/ Yoast SEO plugin. -->","yoast_head_json":{"title":"Tour en Buggy","robots":{"index":"index","follow":"follow","max-snippet":"max-snippet:-1","max-image-preview":"max-image-preview:large","max-video-preview":"max-video-preview:-1"},"canonical":"https:\/\/www.jacomontecarlo.com\/es\/tours-desde-jaco-monte-carlo\/tour-en-buggy\/","og_locale":"es_ES","og_type":"article","og_title":"Tour en Buggy","og_description":"Este es un tour que debe realizar si se encuentra de visita en la zona de playa Jaco. Todos nuestros 4&#215;4 buggies &nbsp;cuentan con transmisiones totalmente autom\u00e1ticas y se encuentran en \u00f3ptimas condiciones. No se necesita experiencia previa de conducci\u00f3n para manejar algunos de nuestros veh\u00edculos. Disfrute de la emoci\u00f3n de manejar&nbsp; a trav\u00e9s de [&hellip;]","og_url":"https:\/\/www.jacomontecarlo.com\/es\/tours-desde-jaco-monte-carlo\/tour-en-buggy\/","og_site_name":"Monte Carlo Luxury Condominiums Jaco Beach","article_publisher":"https:\/\/www.facebook.com\/montecarloluxurycondominiums\/","article_modified_time":"2016-11-25T15:18:14+00:00","og_image":[{"width":600,"height":400,"url":"https:\/\/www.jacomontecarlo.com\/wp-content\/uploads\/2015\/05\/buggy122.jpg","type":"image\/jpeg"}],"schema":{"@context":"https:\/\/schema.org","@graph":[{"@type":"WebPage","@id":"https:\/\/www.jacomontecarlo.com\/es\/tours-desde-jaco-monte-carlo\/tour-en-buggy\/","url":"https:\/\/www.jacomontecarlo.com\/es\/tours-desde-jaco-monte-carlo\/tour-en-buggy\/","name":"Tour en Buggy","isPartOf":{"@id":"https:\/\/www.jacomontecarlo.com\/es\/#website"},"primaryImageOfPage":{"@id":"https:\/\/www.jacomontecarlo.com\/es\/tours-desde-jaco-monte-carlo\/tour-en-buggy\/#primaryimage"},"image":{"@id":"https:\/\/www.jacomontecarlo.com\/es\/tours-desde-jaco-monte-carlo\/tour-en-buggy\/#primaryimage"},"thumbnailUrl":"https:\/\/www.jacomontecarlo.com\/wp-content\/uploads\/2015\/05\/buggy122.jpg","datePublished":"2015-05-11T18:34:35+00:00","dateModified":"2016-11-25T15:18:14+00:00","breadcrumb":{"@id":"https:\/\/www.jacomontecarlo.com\/es\/tours-desde-jaco-monte-carlo\/tour-en-buggy\/#breadcrumb"},"inLanguage":"es-CR","potentialAction":[{"@type":"ReadAction","target":["https:\/\/www.jacomontecarlo.com\/es\/tours-desde-jaco-monte-carlo\/tour-en-buggy\/"]}]},{"@type":"ImageObject","inLanguage":"es-CR","@id":"https:\/\/www.jacomontecarlo.com\/es\/tours-desde-jaco-monte-carlo\/tour-en-buggy\/#primaryimage","url":"https:\/\/www.jacomontecarlo.com\/wp-content\/uploads\/2015\/05\/buggy122.jpg","contentUrl":"https:\/\/www.jacomontecarlo.com\/wp-content\/uploads\/2015\/05\/buggy122.jpg","width":600,"height":400},{"@type":"BreadcrumbList","@id":"https:\/\/www.jacomontecarlo.com\/es\/tours-desde-jaco-monte-carlo\/tour-en-buggy\/#breadcrumb","itemListElement":[{"@type":"ListItem","position":1,"name":"Inicio","item":"https:\/\/www.jacomontecarlo.com\/es\/"},{"@type":"ListItem","position":2,"name":"Tours en Costa Rica desde Playa Jac\u00f3","item":"https:\/\/www.jacomontecarlo.com\/es\/tours-desde-jaco-monte-carlo\/"},{"@type":"ListItem","position":3,"name":"Tour en Buggy"}]},{"@type":"WebSite","@id":"https:\/\/www.jacomontecarlo.com\/es\/#website","url":"https:\/\/www.jacomontecarlo.com\/es\/","name":"Monte Carlo Condominium - Jaco Beach","description":"[icon icon=mapmarker] LUXURY VACATION RENTALS IN JACO BEACH","publisher":{"@id":"https:\/\/www.jacomontecarlo.com\/es\/#organization"},"alternateName":"Monte Carlo Luxury Condominium for rent","potentialAction":[{"@type":"SearchAction","target":{"@type":"EntryPoint","urlTemplate":"https:\/\/www.jacomontecarlo.com\/es\/?s={search_term_string}"},"query-input":{"@type":"PropertyValueSpecification","valueRequired":true,"valueName":"search_term_string"}}],"inLanguage":"es-CR"},{"@type":"Organization","@id":"https:\/\/www.jacomontecarlo.com\/es\/#organization","name":"Condominios Monte Carlos","alternateName":"Luxury Condominium","url":"https:\/\/www.jacomontecarlo.com\/es\/","logo":{"@type":"ImageObject","inLanguage":"es-CR","@id":"https:\/\/www.jacomontecarlo.com\/es\/#\/schema\/logo\/image\/","url":"https:\/\/www.jacomontecarlo.com\/wp-content\/uploads\/2015\/08\/logo-MC.jpg","contentUrl":"https:\/\/www.jacomontecarlo.com\/wp-content\/uploads\/2015\/08\/logo-MC.jpg","width":1060,"height":545,"caption":"Condominios Monte Carlos"},"image":{"@id":"https:\/\/www.jacomontecarlo.com\/es\/#\/schema\/logo\/image\/"},"sameAs":["https:\/\/www.facebook.com\/montecarloluxurycondominiums\/","https:\/\/x.com\/onsitecostarica","https:\/\/www.youtube.com\/@MONTECARLOLUXURYCONDOS\/videos","https:\/\/www.instagram.com\/jacomontecarlo\/"]}]}},"_links":{"self":[{"href":"https:\/\/www.jacomontecarlo.com\/es\/wp-json\/wp\/v2\/pages\/4725","targetHints":{"allow":["GET"]}}],"collection":[{"href":"https:\/\/www.jacomontecarlo.com\/es\/wp-json\/wp\/v2\/pages"}],"about":[{"href":"https:\/\/www.jacomontecarlo.com\/es\/wp-json\/wp\/v2\/types\/page"}],"author":[{"embeddable":true,"href":"https:\/\/www.jacomontecarlo.com\/es\/wp-json\/wp\/v2\/users\/2"}],"replies":[{"embeddable":true,"href":"https:\/\/www.jacomontecarlo.com\/es\/wp-json\/wp\/v2\/comments?post=4725"}],"version-history":[{"count":0,"href":"https:\/\/www.jacomontecarlo.com\/es\/wp-json\/wp\/v2\/pages\/4725\/revisions"}],"up":[{"embeddable":true,"href":"https:\/\/www.jacomontecarlo.com\/es\/wp-json\/wp\/v2\/pages\/4393"}],"wp:featuredmedia":[{"embeddable":true,"href":"https:\/\/www.jacomontecarlo.com\/es\/wp-json\/wp\/v2\/media\/6648"}],"wp:attachment":[{"href":"https:\/\/www.jacomontecarlo.com\/es\/wp-json\/wp\/v2\/media?parent=4725"}],"curies":[{"name":"wp","href":"https:\/\/api.w.org\/{rel}","templated":true}]}}